{"id":80,"date":"2025-02-17T09:17:01","date_gmt":"2025-02-17T09:17:01","guid":{"rendered":"http:\/\/doktorzlasu.pl\/?page_id=80"},"modified":"2026-02-08T19:28:40","modified_gmt":"2026-02-08T19:28:40","slug":"umow-wizyte","status":"publish","type":"page","link":"https:\/\/doktorzlasu.pl\/?page_id=80","title":{"rendered":"Um\u00f3w wizyt\u0119"},"content":{"rendered":"<p><br><script>\n    const mydrScript = document.getElementsByTagName('script')[0];\n    const js = document.createElement('script');\n    js.src = 'https:\/\/mydr.pl\/static\/mydr-pp.min.js';\n    mydrScript.parentNode.insertBefore(js, mydrScript);\n\n    js.onload = () => {\n        const PatientsPlugin = new window.PatientsPlugin();\n        PatientsPlugin.init({\n            app: 'https:\/\/mydr.pl\/patients_plugin',\n            plugin: 'https:\/\/mydr.pl\/static',\n        });\n    };\n<\/script><br><button class=\"btn-mydr-pp\" data-doctor=\"grzegorzkarczmarewicz\" data-speciality=\"\" data-visitkind=\"Prywatna\" data-evisit=\"false\" data-appname=\"drw\" data-token=\"eyJhbGciOiJIUzI1NiIsInR5cCI6IkpXVCJ9.eyJmYWNpbGl0eV9pZCI6MjU4Mzd9.Vksmg0oT7bE-178DbDOIwq56aGZY9MhOb20xbPEVgqE\"><br><\/button><\/p><p>W przypadku pyta\u0144, a tak\u017ce w celu um\u00f3wienia wizyty w terminie innym, ni\u017c dost\u0119pne w grafiku, prosz\u0119 o kontakt mailowy: grkarcz@gmail.com<\/p><p><\/p>","protected":false},"excerpt":{"rendered":"<p>W przypadku pyta\u0144, a tak\u017ce w celu um\u00f3wienia wizyty w terminie innym, ni\u017c dost\u0119pne w grafiku, prosz\u0119 o kontakt mailowy: grkarcz@gmail.com<\/p>\n","protected":false},"author":1,"featured_media":0,"parent":0,"menu_order":0,"comment_status":"closed","ping_status":"closed","template":"","meta":{"footnotes":""},"class_list":["post-80","page","type-page","status-publish","hentry"],"_links":{"self":[{"href":"https:\/\/doktorzlasu.pl\/index.php?rest_route=\/wp\/v2\/pages\/80","targetHints":{"allow":["GET"]}}],"collection":[{"href":"https:\/\/doktorzlasu.pl\/index.php?rest_route=\/wp\/v2\/pages"}],"about":[{"href":"https:\/\/doktorzlasu.pl\/index.php?rest_route=\/wp\/v2\/types\/page"}],"author":[{"embeddable":true,"href":"https:\/\/doktorzlasu.pl\/index.php?rest_route=\/wp\/v2\/users\/1"}],"replies":[{"embeddable":true,"href":"https:\/\/doktorzlasu.pl\/index.php?rest_route=%2Fwp%2Fv2%2Fcomments&post=80"}],"version-history":[{"count":2,"href":"https:\/\/doktorzlasu.pl\/index.php?rest_route=\/wp\/v2\/pages\/80\/revisions"}],"predecessor-version":[{"id":93,"href":"https:\/\/doktorzlasu.pl\/index.php?rest_route=\/wp\/v2\/pages\/80\/revisions\/93"}],"wp:attachment":[{"href":"https:\/\/doktorzlasu.pl\/index.php?rest_route=%2Fwp%2Fv2%2Fmedia&parent=80"}],"curies":[{"name":"wp","href":"https:\/\/api.w.org\/{rel}","templated":true}]}}